{"id":209,"date":"2021-01-02T23:03:56","date_gmt":"2021-01-02T23:03:56","guid":{"rendered":"http:\/\/chivamedica.com\/?page_id=209"},"modified":"2025-08-08T09:15:12","modified_gmt":"2025-08-08T09:15:12","slug":"partenariat","status":"publish","type":"page","link":"https:\/\/chivamedica.com\/en\/partenariat","title":{"rendered":"Partnership"},"content":{"rendered":"<div data-elementor-type=\"wp-page\" data-elementor-id=\"209\" class=\"elementor elementor-209\" data-elementor-post-type=\"page\">\n\t\t\t\t\t\t<section class=\"elementor-section elementor-top-section elementor-element elementor-element-b62ada6 elementor-section-boxed elementor-section-height-default elementor-section-height-default\" data-id=\"b62ada6\" data-element_type=\"section\" data-e-type=\"section\">\n\t\t\t\t\t\t<div class=\"elementor-container elementor-column-gap-default\">\n\t\t\t\t\t<div class=\"elementor-column elementor-col-100 elementor-top-column elementor-element elementor-element-56a433d\" data-id=\"56a433d\" data-element_type=\"column\" data-e-type=\"column\">\n\t\t\t<div class=\"elementor-widget-wrap elementor-element-populated\">\n\t\t\t\t\t\t<div class=\"elementor-element elementor-element-3354a05 elementor-cta--skin-cover elementor-animated-content elementor-bg-transform elementor-bg-transform-zoom-in elementor-widget elementor-widget-call-to-action\" data-id=\"3354a05\" data-element_type=\"widget\" data-e-type=\"widget\" data-widget_type=\"call-to-action.default\">\n\t\t\t\t<div class=\"elementor-widget-container\">\n\t\t\t\t\t\t\t<div class=\"elementor-cta\">\n\t\t\t\t\t<div class=\"elementor-cta__bg-wrapper\">\n\t\t\t\t<div class=\"elementor-cta__bg elementor-bg\" style=\"background-image: url();\" role=\"img\" aria-label=\"\"><\/div>\n\t\t\t\t<div class=\"elementor-cta__bg-overlay\"><\/div>\n\t\t\t<\/div>\n\t\t\t\t\t\t\t<div class=\"elementor-cta__content\">\n\t\t\t\t\n\t\t\t\t<h2 class=\"elementor-cta__title elementor-cta__content-item elementor-content-item elementor-animated-item--grow\">Are you looking for a reliable partner in Mauritania?<\/h2>\n\t\t\t\t\t\t\t\t\t<div class=\"elementor-cta__description elementor-cta__content-item elementor-content-item elementor-animated-item--grow\">\n\t\t\t\t\t\t<p align=\"center\" style=\"line-height: 100%; margin-bottom: 0cm; font-variant-numeric: normal; font-variant-east-asian: normal; font-variant-alternates: normal; font-variant-position: normal; font-variant-emoji: normal;\">\n<font color=\"#4caf50\">For many years, CHIVA MEDICA has been able to develop partnerships based on trust and quality.<\/font><\/p><br><p align=\"center\" style=\"line-height: 100%; margin-bottom: 0cm;\"><br>\n\n<span style=\"font-variant-numeric: normal; font-variant-east-asian: normal; font-variant-alternates: normal; font-variant-position: normal; font-variant-emoji: normal;\">With us <\/span><span style=\"font-variant-numeric: normal; font-variant-east-asian: normal; font-variant-alternates: normal; font-variant-position: normal; font-variant-emoji: normal;\">you are sure <\/span><span style=\"font-variant-numeric: normal; font-variant-east-asian: normal; font-variant-alternates: normal; font-variant-position: normal; font-variant-emoji: normal;\">to reach<\/span><span style=\"font-variant-numeric: normal; font-variant-east-asian: normal; font-variant-alternates: normal; font-variant-position: normal; font-variant-emoji: normal;\">`<\/span><span style=\"font-variant-numeric: normal; font-variant-east-asian: normal; font-variant-alternates: normal; font-variant-position: normal; font-variant-emoji: normal;\">the entire <\/span><span style=\"font-variant-numeric: normal; font-variant-east-asian: normal; font-variant-alternates: normal; font-variant-position: normal; font-variant-emoji: normal;\">Mauritanian market<\/span><span style=\"font-variant-numeric: normal; font-variant-east-asian: normal; font-variant-alternates: normal; font-variant-position: normal; font-variant-emoji: normal;\">- while respecting all regulations-<\/span><span style=\"font-variant-numeric: normal; font-variant-east-asian: normal; font-variant-alternates: normal; font-variant-position: normal; font-variant-emoji: normal;\">and<\/span><span style=\"font-variant-numeric: normal; font-variant-east-asian: normal; font-variant-alternates: normal; font-variant-position: normal; font-variant-emoji: normal;\">- benefitting from our experience and operational efficiency. <\/span><span style=\"font-variant-numeric: normal; font-variant-east-asian: normal; font-variant-alternates: normal; font-variant-position: normal; font-variant-emoji: normal;\"><\/span>\n<\/p>\t\t\t\t\t<\/div>\n\t\t\t\t\n\t\t\t\t\t\t\t<\/div>\n\t\t\t\t\t\t<\/div>\n\t\t\t\t\t\t<\/div>\n\t\t\t\t<\/div>\n\t\t\t\t\t<\/div>\n\t\t<\/div>\n\t\t\t\t\t<\/div>\n\t\t<\/section>\n\t\t\t\t<section class=\"elementor-section elementor-top-section elementor-element elementor-element-36f98e95 elementor-section-content-middle elementor-section-boxed elementor-section-height-default elementor-section-height-default\" data-id=\"36f98e95\" data-element_type=\"section\" data-e-type=\"section\">\n\t\t\t\t\t\t<div class=\"elementor-container elementor-column-gap-default\">\n\t\t\t\t\t<div class=\"elementor-column elementor-col-100 elementor-top-column elementor-element elementor-element-7c690cb5\" data-id=\"7c690cb5\" data-element_type=\"column\" data-e-type=\"column\">\n\t\t\t<div class=\"elementor-widget-wrap elementor-element-populated\">\n\t\t\t\t\t\t<div class=\"elementor-element elementor-element-d4a65c4 elementor-widget elementor-widget-shortcode\" data-id=\"d4a65c4\" data-element_type=\"widget\" data-e-type=\"widget\" data-widget_type=\"shortcode.default\">\n\t\t\t\t<div class=\"elementor-widget-container\">\n\t\t\t\t\t\t\t<div class=\"elementor-shortcode\"><div class=\"forminator-ui forminator-custom-form forminator-custom-form-461 forminator-design--default  forminator_ajax\" data-forminator-render=\"0\" data-form=\"forminator-module-461\" data-uid=\"69e535aceb1c8\"><br\/><\/div><form\n\t\t\t\tid=\"forminator-module-461\"\n\t\t\t\tclass=\"forminator-ui forminator-custom-form forminator-custom-form-461 forminator-design--default  forminator_ajax\"\n\t\t\t\tmethod=\"post\"\n\t\t\t\tdata-forminator-render=\"0\"\n\t\t\t\tdata-form-id=\"461\"\n\t\t\t\t\n\t\t\t\tdata-design=\"default\"\n\t\t\t\t\n\t\t\t\t\n\t\t\t\t\n\t\t\t\tdata-grid=\"open\"\n\t\t\t\t\n\t\t\t\t\n\t\t\t\tstyle=\"display: none;\"\n\t\t\t\t\n\t\t\t\tdata-uid=\"69e535aceb1c8\" action=\"\"\n\t\t\t><div role=\"alert\" aria-live=\"polite\" class=\"forminator-response-message forminator-error\" aria-hidden=\"true\"><\/div><div class=\"forminator-row\"><div id=\"name-1\" class=\"forminator-field-name forminator-col forminator-col-12\"><div class=\"forminator-field\"><label for=\"forminator-field-name-1_69e535aceb1c8\" id=\"forminator-field-name-1_69e535aceb1c8-label\" class=\"forminator-label\">Last name<\/label><input type=\"text\" name=\"name-1\" value=\"\" placeholder=\"Enter your name here\" id=\"forminator-field-name-1_69e535aceb1c8\" class=\"forminator-input forminator-name--field\" aria-required=\"false\" \/><\/div><\/div><\/div><div class=\"forminator-row\"><div id=\"name-2\" class=\"forminator-field-name forminator-col forminator-col-12\"><div class=\"forminator-field\"><label for=\"forminator-field-name-2_69e535aceb1c8\" id=\"forminator-field-name-2_69e535aceb1c8-label\" class=\"forminator-label\">First name<\/label><input type=\"text\" name=\"name-2\" value=\"\" placeholder=\"Enter your first name\" id=\"forminator-field-name-2_69e535aceb1c8\" class=\"forminator-input forminator-name--field\" aria-required=\"false\" \/><\/div><\/div><\/div><div class=\"forminator-row\"><div id=\"email-1\" class=\"forminator-field-email forminator-col forminator-col-12\"><div class=\"forminator-row-inside forminator-row-with-confirmation-email\"><div class=\"forminator-col forminator-col-6\"><div class=\"forminator-field\"><label for=\"forminator-field-email-1_69e535aceb1c8\" id=\"forminator-field-email-1_69e535aceb1c8-label\" class=\"forminator-label\">Email<\/label><input type=\"email\" name=\"email-1\" value=\"\" placeholder=\"Enter your email address\" id=\"forminator-field-email-1_69e535aceb1c8\" class=\"forminator-input forminator-email--field\" data-required=\"\" aria-required=\"false\" \/><\/div><\/div><div class=\"forminator-col forminator-col-6\"><div class=\"forminator-field\"><label for=\"forminator-field-confirm_email-1_69e535aceb1c8\" id=\"forminator-field-confirm_email-1_69e535aceb1c8-label\" class=\"forminator-label\">Confirmation email<\/label><input type=\"email\" name=\"confirm_email-1\" value=\"\" placeholder=\"Confirm your email address\" id=\"forminator-field-confirm_email-1_69e535aceb1c8\" class=\"forminator-input forminator-name--field\" data-required=\"\" aria-required=\"false\" \/><\/div><\/div><\/div><\/div><\/div><div class=\"forminator-row\"><div id=\"phone-1\" class=\"forminator-field-phone forminator-col forminator-col-12\"><div class=\"forminator-field\"><label for=\"forminator-field-phone-1_69e535aceb1c8\" id=\"forminator-field-phone-1_69e535aceb1c8-label\" class=\"forminator-label\">Phone number<\/label><span id=\"forminator-field-phone-1_69e535aceb1c8-description\" class=\"forminator-description\">Phone number with country code (e.g., +222 for Mauritania)<\/span><input type=\"text\" name=\"phone-1\" value=\"\" placeholder=\"Enter your phone number\" id=\"forminator-field-phone-1_69e535aceb1c8\" class=\"forminator-input forminator-field--phone\" data-required=\"\" aria-required=\"false\" autocomplete=\"off\" aria-describedby=\"forminator-field-phone-1_69e535aceb1c8-description\" \/><\/div><\/div><\/div><div class=\"forminator-row\"><div id=\"textarea-1\" class=\"forminator-field-textarea forminator-col forminator-col-12\"><div class=\"forminator-field\"><label for=\"forminator-field-textarea-1_69e535aceb1c8\" id=\"forminator-field-textarea-1_69e535aceb1c8-label\" class=\"forminator-label\">Content<\/label><textarea name=\"textarea-1\" placeholder=\"Write your message here\" id=\"forminator-field-textarea-1_69e535aceb1c8\" class=\"forminator-textarea\" rows=\"6\" style=\"min-height:140px;\" ><\/textarea><\/div><\/div><\/div><div class=\"forminator-row\"><div id=\"captcha-1\" class=\"forminator-field-captcha forminator-col forminator-col-12\"><div class=\"forminator-captcha-left forminator-g-recaptcha\" data-theme=\"light\"  data-sitekey=\"6Le1848rAAAAAGdMKK0foPv5AgfKQwgJYKbj3qd9\" data-size=\"normal\"><\/div> <\/div><\/div><input type=\"hidden\" name=\"referer_url\" value=\"\" \/><div class=\"forminator-row forminator-row-last\"><div class=\"forminator-col\"><div class=\"forminator-field\"><button class=\"forminator-button forminator-button-submit\">Envoyer<\/button><\/div><\/div><\/div><input type=\"hidden\" id=\"forminator_nonce\" name=\"forminator_nonce\" value=\"0ef627930f\" \/><input type=\"hidden\" name=\"_wp_http_referer\" value=\"\/en\/wp-json\/wp\/v2\/pages\/209\" \/><input type=\"hidden\" name=\"form_id\" value=\"461\"><input type=\"hidden\" name=\"page_id\" value=\"209\"><input type=\"hidden\" name=\"form_type\" value=\"default\"><input type=\"hidden\" name=\"current_url\" value=\"https:\/\/chivamedica.com\/en\/partenariat\"><input type=\"hidden\" name=\"render_id\" value=\"0\"><input type=\"hidden\" name=\"action\" value=\"forminator_submit_form_custom-forms\"><label for=\"input_6\" class=\"forminator-hidden\" aria-hidden=\"true\">Please do not fill in this field. <input id=\"input_6\" type=\"text\" name=\"input_6\" value=\"\" autocomplete=\"off\"><\/label><input type=\"hidden\" name=\"trp-form-language\" value=\"en\"\/><\/form><\/div>\n\t\t\t\t\t\t<\/div>\n\t\t\t\t<\/div>\n\t\t\t\t\t<\/div>\n\t\t<\/div>\n\t\t\t\t\t<\/div>\n\t\t<\/section>\n\t\t\t\t<\/div>","protected":false},"excerpt":{"rendered":"<p>Vous recherchez un partenaire fiable en Mauritanie ? Depuis de nombreuses ann\u00e9es, CHIVA MEDICA a su d\u00e9velopper des partenariats bas\u00e9s sur la confiance et la qualit\u00e9 Avec nous vous avez la garantie d`adresser tout le march\u00e9 Mauritanien en suivant toutes les normes et r\u00e9glementations et en b\u00e9n\u00e9ficiant de notre exp\u00e9rience et notre efficacit\u00e9 op\u00e9rationnelle<\/p>","protected":false},"author":2,"featured_media":0,"parent":0,"menu_order":0,"comment_status":"closed","ping_status":"closed","template":"","meta":{"footnotes":""},"class_list":["post-209","page","type-page","status-publish","hentry"],"_links":{"self":[{"href":"https:\/\/chivamedica.com\/en\/wp-json\/wp\/v2\/pages\/209","targetHints":{"allow":["GET"]}}],"collection":[{"href":"https:\/\/chivamedica.com\/en\/wp-json\/wp\/v2\/pages"}],"about":[{"href":"https:\/\/chivamedica.com\/en\/wp-json\/wp\/v2\/types\/page"}],"author":[{"embeddable":true,"href":"https:\/\/chivamedica.com\/en\/wp-json\/wp\/v2\/users\/2"}],"replies":[{"embeddable":true,"href":"https:\/\/chivamedica.com\/en\/wp-json\/wp\/v2\/comments?post=209"}],"version-history":[{"count":0,"href":"https:\/\/chivamedica.com\/en\/wp-json\/wp\/v2\/pages\/209\/revisions"}],"wp:attachment":[{"href":"https:\/\/chivamedica.com\/en\/wp-json\/wp\/v2\/media?parent=209"}],"curies":[{"name":"wp","href":"https:\/\/api.w.org\/{rel}","templated":true}]}}