{"id":166,"date":"2021-01-02T22:05:17","date_gmt":"2021-01-02T22:05:17","guid":{"rendered":"http:\/\/chivamedica.com\/?page_id=166"},"modified":"2025-08-11T12:43:10","modified_gmt":"2025-08-11T12:43:10","slug":"a-propos","status":"publish","type":"page","link":"https:\/\/chivamedica.com\/en\/a-propos","title":{"rendered":"About Us"},"content":{"rendered":"<div data-elementor-type=\"wp-page\" data-elementor-id=\"166\" class=\"elementor elementor-166\" data-elementor-post-type=\"page\">\n\t\t\t\t\t\t<section class=\"elementor-section elementor-top-section elementor-element elementor-element-5ceae8dd elementor-section-height-min-height elementor-section-boxed elementor-section-height-default elementor-section-items-middle\" data-id=\"5ceae8dd\" data-element_type=\"section\" data-e-type=\"section\" data-settings=\"{&quot;background_background&quot;:&quot;classic&quot;}\">\n\t\t\t\t\t\t\t<div class=\"elementor-background-overlay\"><\/div>\n\t\t\t\t\t\t\t<div class=\"elementor-container elementor-column-gap-default\">\n\t\t\t\t\t<div class=\"elementor-column elementor-col-100 elementor-top-column elementor-element elementor-element-3d00c0c5\" data-id=\"3d00c0c5\" data-element_type=\"column\" data-e-type=\"column\">\n\t\t\t<div class=\"elementor-widget-wrap elementor-element-populated\">\n\t\t\t\t\t\t<div class=\"elementor-element elementor-element-378b359 elementor-widget elementor-widget-image\" data-id=\"378b359\" data-element_type=\"widget\" data-e-type=\"widget\" data-widget_type=\"image.default\">\n\t\t\t\t<div class=\"elementor-widget-container\">\n\t\t\t\t\t\t\t\t\t\t\t\t\t\t\t<img fetchpriority=\"high\" decoding=\"async\" width=\"800\" height=\"356\" src=\"https:\/\/chivamedica.com\/wp-content\/uploads\/2021\/01\/vendeuse-en-phamarcie.jpg\" class=\"attachment-large size-large wp-image-58\" alt=\"\" srcset=\"https:\/\/chivamedica.com\/wp-content\/uploads\/2021\/01\/vendeuse-en-phamarcie.jpg 800w, https:\/\/chivamedica.com\/wp-content\/uploads\/2021\/01\/vendeuse-en-phamarcie-300x134.jpg 300w, https:\/\/chivamedica.com\/wp-content\/uploads\/2021\/01\/vendeuse-en-phamarcie-768x342.jpg 768w\" sizes=\"(max-width: 800px) 100vw, 800px\" \/>\t\t\t\t\t\t\t\t\t\t\t\t\t\t\t<\/div>\n\t\t\t\t<\/div>\n\t\t\t\t<section class=\"elementor-section elementor-inner-section elementor-element elementor-element-0f05a41 elementor-section-boxed elementor-section-height-default elementor-section-height-default\" data-id=\"0f05a41\" data-element_type=\"section\" data-e-type=\"section\">\n\t\t\t\t\t\t<div class=\"elementor-container elementor-column-gap-default\">\n\t\t\t\t\t<div class=\"elementor-column elementor-col-50 elementor-inner-column elementor-element elementor-element-24c62f3\" data-id=\"24c62f3\" data-element_type=\"column\" data-e-type=\"column\">\n\t\t\t<div class=\"elementor-widget-wrap elementor-element-populated\">\n\t\t\t\t\t\t<div class=\"elementor-element elementor-element-f62a7ab elementor-widget elementor-widget-heading\" data-id=\"f62a7ab\" data-element_type=\"widget\" data-e-type=\"widget\" data-widget_type=\"heading.default\">\n\t\t\t\t<div class=\"elementor-widget-container\">\n\t\t\t\t\t<h2 class=\"elementor-heading-title elementor-size-default\">Experience and confidence<\/h2>\t\t\t\t<\/div>\n\t\t\t\t<\/div>\n\t\t\t\t<div class=\"elementor-element elementor-element-c045ddc elementor-widget elementor-widget-text-editor\" data-id=\"c045ddc\" data-element_type=\"widget\" data-e-type=\"widget\" data-widget_type=\"text-editor.default\">\n\t\t\t\t<div class=\"elementor-widget-container\">\n\t\t\t\t\t\t\t\t\t<p align=\"justify\">With several years of accumulated experience since 2002, CHIVA MEDICA has become a trusted partner for healthcare professionals seeking to expand in Mauritania.<\/p><p align=\"justify\">The quality of our services and the efficiency of our distribution network have enabled us to build a relationship of trust with our pharmacist clients and healthcare providers operating in Mauritania.<\/p><p align=\"justify\" class=\"translation-block\">Thanks to our efficient logistics platform, the integration of the supply chain, and our powerful network of companies, we have a unique competitive position to meet laboratory and pharmaceutical companies' requirements and optimize the flow of products to end customers.<\/p>\t\t\t\t\t\t\t\t<\/div>\n\t\t\t\t<\/div>\n\t\t\t\t\t<\/div>\n\t\t<\/div>\n\t\t\t\t<div class=\"elementor-column elementor-col-50 elementor-inner-column elementor-element elementor-element-7068e0b\" data-id=\"7068e0b\" data-element_type=\"column\" data-e-type=\"column\">\n\t\t\t<div class=\"elementor-widget-wrap elementor-element-populated\">\n\t\t\t\t\t\t<div class=\"elementor-element elementor-element-fda4f41 elementor-widget elementor-widget-heading\" data-id=\"fda4f41\" data-element_type=\"widget\" data-e-type=\"widget\" data-widget_type=\"heading.default\">\n\t\t\t\t<div class=\"elementor-widget-container\">\n\t\t\t\t\t<h2 class=\"elementor-heading-title elementor-size-default\">Quality and availability<\/h2>\t\t\t\t<\/div>\n\t\t\t\t<\/div>\n\t\t\t\t<div class=\"elementor-element elementor-element-cf57f66 elementor-widget elementor-widget-text-editor\" data-id=\"cf57f66\" data-element_type=\"widget\" data-e-type=\"widget\" data-widget_type=\"text-editor.default\">\n\t\t\t\t<div class=\"elementor-widget-container\">\n\t\t\t\t\t\t\t\t\t<p>Our facilities offer all the products necessary for supplying pharmacies.<\/p>\n<p>Equipped areas ensure the conservation of the sensitive products in strict compliance with standards.<\/p>\n<p>Among other things, we offer the declaration and authorization of pharmaceutical or parapharmaceutical products, promotion, marketing and distribution to our very large customer base covering the entire Mauritanian territory.<\/p>\t\t\t\t\t\t\t\t<\/div>\n\t\t\t\t<\/div>\n\t\t\t\t\t<\/div>\n\t\t<\/div>\n\t\t\t\t\t<\/div>\n\t\t<\/section>\n\t\t\t\t\t<\/div>\n\t\t<\/div>\n\t\t\t\t\t<\/div>\n\t\t<\/section>\n\t\t\t\t<section class=\"elementor-section elementor-top-section elementor-element elementor-element-3523f31 elementor-section-boxed elementor-section-height-default elementor-section-height-default\" data-id=\"3523f31\" data-element_type=\"section\" data-e-type=\"section\">\n\t\t\t\t\t\t<div class=\"elementor-container elementor-column-gap-default\">\n\t\t\t\t\t<div class=\"elementor-column elementor-col-100 elementor-top-column elementor-element elementor-element-182aa03\" data-id=\"182aa03\" data-element_type=\"column\" data-e-type=\"column\">\n\t\t\t<div class=\"elementor-widget-wrap\">\n\t\t\t\t\t\t\t<\/div>\n\t\t<\/div>\n\t\t\t\t\t<\/div>\n\t\t<\/section>\n\t\t\t\t<\/div>","protected":false},"excerpt":{"rendered":"<p>Exp\u00e9rience et confiance Forte de plusieurs ann\u00e9es d&rsquo;exp\u00e9rience accumul\u00e9e, depuis 2002, CHIVA MEDICA est devenu un partenaire de r\u00e9f\u00e9rence des professionnels de la sant\u00e9 d\u00e9sireux de se d\u00e9velopper en Mauritanie. La qualit\u00e9 de nos services et l\u2019efficacit\u00e9 de notre r\u00e9seau de distribution, nous ont permis de b\u00e2tir une relation de confiance avec nos clients pharmaciens [&hellip;]<\/p>","protected":false},"author":2,"featured_media":0,"parent":0,"menu_order":0,"comment_status":"closed","ping_status":"closed","template":"","meta":{"footnotes":""},"class_list":["post-166","page","type-page","status-publish","hentry"],"_links":{"self":[{"href":"https:\/\/chivamedica.com\/en\/wp-json\/wp\/v2\/pages\/166","targetHints":{"allow":["GET"]}}],"collection":[{"href":"https:\/\/chivamedica.com\/en\/wp-json\/wp\/v2\/pages"}],"about":[{"href":"https:\/\/chivamedica.com\/en\/wp-json\/wp\/v2\/types\/page"}],"author":[{"embeddable":true,"href":"https:\/\/chivamedica.com\/en\/wp-json\/wp\/v2\/users\/2"}],"replies":[{"embeddable":true,"href":"https:\/\/chivamedica.com\/en\/wp-json\/wp\/v2\/comments?post=166"}],"version-history":[{"count":0,"href":"https:\/\/chivamedica.com\/en\/wp-json\/wp\/v2\/pages\/166\/revisions"}],"wp:attachment":[{"href":"https:\/\/chivamedica.com\/en\/wp-json\/wp\/v2\/media?parent=166"}],"curies":[{"name":"wp","href":"https:\/\/api.w.org\/{rel}","templated":true}]}}