{"id":21,"date":"2021-01-02T20:25:47","date_gmt":"2021-01-02T20:25:47","guid":{"rendered":"http:\/\/chivamedica.com\/?page_id=21"},"modified":"2025-08-08T08:56:13","modified_gmt":"2025-08-08T08:56:13","slug":"accueil","status":"publish","type":"page","link":"https:\/\/chivamedica.com\/ar\/","title":{"rendered":"\u062a\u0631\u062d\u064a\u0628"},"content":{"rendered":"<div data-elementor-type=\"wp-page\" data-elementor-id=\"21\" class=\"elementor elementor-21\" data-elementor-post-type=\"page\">\n\t\t\t\t\t\t<section class=\"elementor-section elementor-top-section elementor-element elementor-element-1066f8f elementor-section-height-min-height elementor-section-boxed elementor-section-height-default elementor-section-items-middle\" data-id=\"1066f8f\" data-element_type=\"section\" data-e-type=\"section\" data-settings=\"{&quot;background_background&quot;:&quot;classic&quot;}\">\n\t\t\t\t\t\t\t<div class=\"elementor-background-overlay\"><\/div>\n\t\t\t\t\t\t\t<div class=\"elementor-container elementor-column-gap-default\">\n\t\t\t\t\t<div class=\"elementor-column elementor-col-100 elementor-top-column elementor-element elementor-element-109f49d\" data-id=\"109f49d\" data-element_type=\"column\" data-e-type=\"column\">\n\t\t\t<div class=\"elementor-widget-wrap elementor-element-populated\">\n\t\t\t\t\t\t<div class=\"elementor-element elementor-element-f1cb5de elementor-widget elementor-widget-heading\" data-id=\"f1cb5de\" data-element_type=\"widget\" data-e-type=\"widget\" data-widget_type=\"heading.default\">\n\t\t\t\t<div class=\"elementor-widget-container\">\n\t\t\t\t\t<h2 class=\"elementor-heading-title elementor-size-large\">CHIVA MEDICA<\/h2>\t\t\t\t<\/div>\n\t\t\t\t<\/div>\n\t\t\t\t<div class=\"elementor-element elementor-element-ef85841 elementor-widget-divider--view-line elementor-widget elementor-widget-divider\" data-id=\"ef85841\" data-element_type=\"widget\" data-e-type=\"widget\" data-widget_type=\"divider.default\">\n\t\t\t\t<div class=\"elementor-widget-container\">\n\t\t\t\t\t\t\t<div class=\"elementor-divider\">\n\t\t\t<span class=\"elementor-divider-separator\">\n\t\t\t\t\t\t<\/span>\n\t\t<\/div>\n\t\t\t\t\t\t<\/div>\n\t\t\t\t<\/div>\n\t\t\t\t<div class=\"elementor-element elementor-element-414a92b elementor-widget elementor-widget-heading\" data-id=\"414a92b\" data-element_type=\"widget\" data-e-type=\"widget\" data-widget_type=\"heading.default\">\n\t\t\t\t<div class=\"elementor-widget-container\">\n\t\t\t\t\t<p class=\"elementor-heading-title elementor-size-medium\">Chiva Medica \u0647\u064a \u0634\u0631\u0643\u0629 \u0631\u0627\u0626\u062f\u0629 \u0641\u064a \u062a\u0648\u0632\u064a\u0639 \u0627\u0644\u0623\u062f\u0648\u064a\u0629 \u0648\u0627\u0644\u062e\u062f\u0645\u0627\u062a \u0641\u064a \u0645\u0648\u0631\u064a\u062a\u0627\u0646\u064a\u0627<\/p>\t\t\t\t<\/div>\n\t\t\t\t<\/div>\n\t\t\t\t\t<\/div>\n\t\t<\/div>\n\t\t\t\t\t<\/div>\n\t\t<\/section>\n\t\t\t\t<section class=\"elementor-section elementor-top-section elementor-element elementor-element-520a3e22 elementor-section-content-middle elementor-section-boxed elementor-section-height-default elementor-section-height-default\" data-id=\"520a3e22\" data-element_type=\"section\" data-e-type=\"section\">\n\t\t\t\t\t\t<div class=\"elementor-container elementor-column-gap-no\">\n\t\t\t\t\t<div class=\"elementor-column elementor-col-50 elementor-top-column elementor-element elementor-element-44ade7b3\" data-id=\"44ade7b3\" data-element_type=\"column\" data-e-type=\"column\" data-settings=\"{&quot;background_background&quot;:&quot;classic&quot;}\">\n\t\t\t<div class=\"elementor-widget-wrap elementor-element-populated\">\n\t\t\t\t\t\t<div class=\"elementor-element elementor-element-4b9cafe3 elementor-widget elementor-widget-heading\" data-id=\"4b9cafe3\" data-element_type=\"widget\" data-e-type=\"widget\" data-widget_type=\"heading.default\">\n\t\t\t\t<div class=\"elementor-widget-container\">\n\t\t\t\t\t<h4 class=\"elementor-heading-title elementor-size-default\">\u0645\u0646 \u0646\u062d\u0646 \u061f<\/h4>\t\t\t\t<\/div>\n\t\t\t\t<\/div>\n\t\t\t\t<div class=\"elementor-element elementor-element-7ca257bf elementor-widget elementor-widget-text-editor\" data-id=\"7ca257bf\" data-element_type=\"widget\" data-e-type=\"widget\" data-widget_type=\"text-editor.default\">\n\t\t\t\t<div class=\"elementor-widget-container\">\n\t\t\t\t\t\t\t\t\t<p class=\"translation-block\">\u0628\u0627\u0639\u062a\u0628\u0627\u0631\u0647\u0627 \u0648\u0627\u062d\u062f\u0629 \u0645\u0646 \u0627\u0644\u0634\u0631\u0643\u0627\u062a \u0627\u0644\u0631\u0627\u0626\u062f\u0629 \u0641\u064a \u062a\u0648\u0632\u064a\u0639 \u0627\u0644\u0645\u0646\u062a\u062c\u0627\u062a \u0648\u0627\u0644\u062e\u062f\u0645\u0627\u062a \u0627\u0644\u0635\u064a\u062f\u0644\u0627\u0646\u064a\u0629 \u0641\u064a \u0645\u0648\u0631\u064a\u062a\u0627\u0646\u064a\u0627 \u060c \u062a\u0634\u0627\u0631\u0643 CHIVA MEDICA \u0645\u0639 \u0639\u0645\u0644\u0627\u0626\u0647\u0627 \u0645\u0639\u0631\u0641\u0629 \u0633\u0648\u0642\u0647\u0645 \u0648\u0623\u062e\u0644\u0627\u0642\u064a\u0627\u062a \u0645\u0647\u0646\u062a\u0647\u0645.<\/p>\t\t\t\t\t\t\t\t<\/div>\n\t\t\t\t<\/div>\n\t\t\t\t<div class=\"elementor-element elementor-element-b5a05c1 elementor-widget elementor-widget-button\" data-id=\"b5a05c1\" data-element_type=\"widget\" data-e-type=\"widget\" data-widget_type=\"button.default\">\n\t\t\t\t<div class=\"elementor-widget-container\">\n\t\t\t\t\t\t\t\t\t<div class=\"elementor-button-wrapper\">\n\t\t\t\t\t<a class=\"elementor-button elementor-button-link elementor-size-sm\" href=\"https:\/\/chivamedica.com\/ar\/a-propos\/\">\n\t\t\t\t\t\t<span class=\"elementor-button-content-wrapper\">\n\t\t\t\t\t\t\t\t\t<span class=\"elementor-button-text\">\u0627\u0642\u0631\u0623 \u0627\u0644\u0645\u0632\u064a\u062f<\/span>\n\t\t\t\t\t<\/span>\n\t\t\t\t\t<\/a>\n\t\t\t\t<\/div>\n\t\t\t\t\t\t\t\t<\/div>\n\t\t\t\t<\/div>\n\t\t\t\t\t<\/div>\n\t\t<\/div>\n\t\t\t\t<div class=\"elementor-column elementor-col-50 elementor-top-column elementor-element elementor-element-10f30542\" data-id=\"10f30542\" data-element_type=\"column\" data-e-type=\"column\">\n\t\t\t<div class=\"elementor-widget-wrap elementor-element-populated\">\n\t\t\t\t\t\t<div class=\"elementor-element elementor-element-d35871b elementor-widget elementor-widget-image\" data-id=\"d35871b\" data-element_type=\"widget\" data-e-type=\"widget\" data-widget_type=\"image.default\">\n\t\t\t\t<div class=\"elementor-widget-container\">\n\t\t\t\t\t\t\t\t\t\t\t\t\t\t\t<img fetchpriority=\"high\" decoding=\"async\" width=\"550\" height=\"367\" src=\"https:\/\/chivamedica.com\/wp-content\/uploads\/2025\/07\/CHIVA-distr.webp\" class=\"attachment-large size-large wp-image-447\" alt=\"Chiva Medica, leader de la distribution et des services pharmaceutiques en Mauritanie, avec des m\u00e9dicaments et produits de sant\u00e9\" srcset=\"https:\/\/chivamedica.com\/wp-content\/uploads\/2025\/07\/CHIVA-distr.webp 550w, https:\/\/chivamedica.com\/wp-content\/uploads\/2025\/07\/CHIVA-distr-300x200.webp 300w, https:\/\/chivamedica.com\/wp-content\/uploads\/2025\/07\/CHIVA-distr-18x12.webp 18w\" sizes=\"(max-width: 550px) 100vw, 550px\" \/>\t\t\t\t\t\t\t\t\t\t\t\t\t\t\t<\/div>\n\t\t\t\t<\/div>\n\t\t\t\t\t<\/div>\n\t\t<\/div>\n\t\t\t\t\t<\/div>\n\t\t<\/section>\n\t\t\t\t<section class=\"elementor-section elementor-top-section elementor-element elementor-element-c0eecef elementor-section-boxed elementor-section-height-default elementor-section-height-default\" data-id=\"c0eecef\" data-element_type=\"section\" data-e-type=\"section\">\n\t\t\t\t\t\t<div class=\"elementor-container elementor-column-gap-default\">\n\t\t\t\t\t<div class=\"elementor-column elementor-col-66 elementor-top-column elementor-element elementor-element-f929605\" data-id=\"f929605\" data-element_type=\"column\" data-e-type=\"column\">\n\t\t\t<div class=\"elementor-widget-wrap elementor-element-populated\">\n\t\t\t\t\t\t<div class=\"elementor-element elementor-element-158d0f7 elementor-widget elementor-widget-shortcode\" data-id=\"158d0f7\" data-element_type=\"widget\" data-e-type=\"widget\" data-widget_type=\"shortcode.default\">\n\t\t\t\t<div class=\"elementor-widget-container\">\n\t\t\t\t\t\t\t<div class=\"elementor-shortcode\"><div class=\"forminator-ui forminator-custom-form forminator-custom-form-461 forminator-design--default  forminator_ajax\" data-forminator-render=\"0\" data-form=\"forminator-module-461\" data-uid=\"69e4f671135c1\"><br\/><\/div><form\n\t\t\t\tid=\"forminator-module-461\"\n\t\t\t\tclass=\"forminator-ui forminator-custom-form forminator-custom-form-461 forminator-design--default  forminator_ajax\"\n\t\t\t\tmethod=\"post\"\n\t\t\t\tdata-forminator-render=\"0\"\n\t\t\t\tdata-form-id=\"461\"\n\t\t\t\t\n\t\t\t\tdata-design=\"default\"\n\t\t\t\t\n\t\t\t\t\n\t\t\t\t\n\t\t\t\tdata-grid=\"open\"\n\t\t\t\t\n\t\t\t\t\n\t\t\t\tstyle=\"display: none;\"\n\t\t\t\t\n\t\t\t\tdata-uid=\"69e4f671135c1\" action=\"\"\n\t\t\t><div role=\"alert\" aria-live=\"polite\" class=\"forminator-response-message forminator-error\" aria-hidden=\"true\"><\/div><div class=\"forminator-row\"><div id=\"name-1\" class=\"forminator-field-name forminator-col forminator-col-12\"><div class=\"forminator-field\"><label for=\"forminator-field-name-1_69e4f671135c1\" id=\"forminator-field-name-1_69e4f671135c1-label\" class=\"forminator-label\">\u0627\u0633\u0645 \u0627\u0644\u0639\u0627\u0626\u0644\u0629<\/label><input type=\"text\" name=\"name-1\" value=\"\" placeholder=\"\u0623\u062f\u062e\u0644 \u0627\u0633\u0645\u0643 \u0647\u0646\u0627\" id=\"forminator-field-name-1_69e4f671135c1\" class=\"forminator-input forminator-name--field\" aria-required=\"false\" \/><\/div><\/div><\/div><div class=\"forminator-row\"><div id=\"name-2\" class=\"forminator-field-name forminator-col forminator-col-12\"><div class=\"forminator-field\"><label for=\"forminator-field-name-2_69e4f671135c1\" id=\"forminator-field-name-2_69e4f671135c1-label\" class=\"forminator-label\">\u0627\u0644\u0627\u0633\u0645 \u0627\u0644\u0623\u0648\u0644<\/label><input type=\"text\" name=\"name-2\" value=\"\" placeholder=\"\u0623\u062f\u062e\u0644 \u0627\u0633\u0645\u0643 \u0627\u0644\u0623\u0648\u0644\" id=\"forminator-field-name-2_69e4f671135c1\" class=\"forminator-input forminator-name--field\" aria-required=\"false\" \/><\/div><\/div><\/div><div class=\"forminator-row\"><div id=\"email-1\" class=\"forminator-field-email forminator-col forminator-col-12\"><div class=\"forminator-row-inside forminator-row-with-confirmation-email\"><div class=\"forminator-col forminator-col-6\"><div class=\"forminator-field\"><label for=\"forminator-field-email-1_69e4f671135c1\" id=\"forminator-field-email-1_69e4f671135c1-label\" class=\"forminator-label\">\u0627\u0644\u0628\u0631\u064a\u062f \u0627\u0644\u0625\u0644\u0643\u062a\u0631\u0648\u0646\u064a<\/label><input type=\"email\" name=\"email-1\" value=\"\" placeholder=\"\u0623\u062f\u062e\u0644 \u0639\u0646\u0648\u0627\u0646 \u0628\u0631\u064a\u062f\u0643 \u0627\u0644\u0625\u0644\u0643\u062a\u0631\u0648\u0646\u064a\" id=\"forminator-field-email-1_69e4f671135c1\" class=\"forminator-input forminator-email--field\" data-required=\"\" aria-required=\"false\" \/><\/div><\/div><div class=\"forminator-col forminator-col-6\"><div class=\"forminator-field\"><label for=\"forminator-field-confirm_email-1_69e4f671135c1\" id=\"forminator-field-confirm_email-1_69e4f671135c1-label\" class=\"forminator-label\">\u062a\u0623\u0643\u064a\u062f \u0627\u0644\u0628\u0631\u064a\u062f \u0627\u0644\u0625\u0644\u0643\u062a\u0631\u0648\u0646\u064a<\/label><input type=\"email\" name=\"confirm_email-1\" value=\"\" placeholder=\"\u0623\u0643\u062f \u0639\u0646\u0648\u0627\u0646 \u0628\u0631\u064a\u062f\u0643 \u0627\u0644\u0625\u0644\u0643\u062a\u0631\u0648\u0646\u064a\" id=\"forminator-field-confirm_email-1_69e4f671135c1\" class=\"forminator-input forminator-name--field\" data-required=\"\" aria-required=\"false\" \/><\/div><\/div><\/div><\/div><\/div><div class=\"forminator-row\"><div id=\"phone-1\" class=\"forminator-field-phone forminator-col forminator-col-12\"><div class=\"forminator-field\"><label for=\"forminator-field-phone-1_69e4f671135c1\" id=\"forminator-field-phone-1_69e4f671135c1-label\" class=\"forminator-label\">\u0631\u0642\u0645 \u0627\u0644\u0647\u0627\u062a\u0641<\/label><span id=\"forminator-field-phone-1_69e4f671135c1-description\" class=\"forminator-description\">\u0631\u0642\u0645 \u0627\u0644\u0647\u0627\u062a\u0641 \u0645\u0639 \u0631\u0645\u0632 \u0627\u0644\u062f\u0648\u0644\u0629 (\u0645\u062b\u0627\u0644: \u200e+222 \u0644\u0645\u0648\u0631\u064a\u062a\u0627\u0646\u064a\u0627)<\/span><input type=\"text\" name=\"phone-1\" value=\"\" placeholder=\"\u0623\u062f\u062e\u0644 \u0631\u0642\u0645 \u0647\u0627\u062a\u0641\u0643\" id=\"forminator-field-phone-1_69e4f671135c1\" class=\"forminator-input forminator-field--phone\" data-required=\"\" aria-required=\"false\" autocomplete=\"off\" aria-describedby=\"forminator-field-phone-1_69e4f671135c1-description\" \/><\/div><\/div><\/div><div class=\"forminator-row\"><div id=\"textarea-1\" class=\"forminator-field-textarea forminator-col forminator-col-12\"><div class=\"forminator-field\"><label for=\"forminator-field-textarea-1_69e4f671135c1\" id=\"forminator-field-textarea-1_69e4f671135c1-label\" class=\"forminator-label\">\u0627\u0644\u0645\u062d\u062a\u0648\u0649<\/label><textarea name=\"textarea-1\" placeholder=\"\u0627\u0643\u062a\u0628 \u0631\u0633\u0627\u0644\u062a\u0643 \u0647\u0646\u0627\" id=\"forminator-field-textarea-1_69e4f671135c1\" class=\"forminator-textarea\" rows=\"6\" style=\"min-height:140px;\" ><\/textarea><\/div><\/div><\/div><div class=\"forminator-row\"><div id=\"captcha-1\" class=\"forminator-field-captcha forminator-col forminator-col-12\"><div class=\"forminator-captcha-left forminator-g-recaptcha\" data-theme=\"light\"  data-sitekey=\"6Le1848rAAAAAGdMKK0foPv5AgfKQwgJYKbj3qd9\" data-size=\"normal\"><\/div> <\/div><\/div><input type=\"hidden\" name=\"referer_url\" value=\"\" \/><div class=\"forminator-row forminator-row-last\"><div class=\"forminator-col\"><div class=\"forminator-field\"><button class=\"forminator-button forminator-button-submit\">Envoyer<\/button><\/div><\/div><\/div><input type=\"hidden\" id=\"forminator_nonce\" name=\"forminator_nonce\" value=\"0ef627930f\" \/><input type=\"hidden\" name=\"_wp_http_referer\" value=\"\/ar\/wp-json\/wp\/v2\/pages\/21\" \/><input type=\"hidden\" name=\"form_id\" value=\"461\"><input type=\"hidden\" name=\"page_id\" value=\"21\"><input type=\"hidden\" name=\"form_type\" value=\"default\"><input type=\"hidden\" name=\"current_url\" value=\"https:\/\/chivamedica.com\/ar\/\"><input type=\"hidden\" name=\"render_id\" value=\"0\"><input type=\"hidden\" name=\"action\" value=\"forminator_submit_form_custom-forms\"><label for=\"input_6\" class=\"forminator-hidden\" aria-hidden=\"true\">Please do not fill in this field. <input id=\"input_6\" type=\"text\" name=\"input_6\" value=\"\" autocomplete=\"off\"><\/label><input type=\"hidden\" name=\"trp-form-language\" value=\"ar\"\/><\/form><\/div>\n\t\t\t\t\t\t<\/div>\n\t\t\t\t<\/div>\n\t\t\t\t\t<\/div>\n\t\t<\/div>\n\t\t\t\t<div class=\"elementor-column elementor-col-33 elementor-top-column elementor-element elementor-element-5681851\" data-id=\"5681851\" data-element_type=\"column\" data-e-type=\"column\">\n\t\t\t<div class=\"elementor-widget-wrap elementor-element-populated\">\n\t\t\t\t\t\t<div class=\"elementor-element elementor-element-26d4603 elementor-widget elementor-widget-google_maps\" data-id=\"26d4603\" data-element_type=\"widget\" data-e-type=\"widget\" data-widget_type=\"google_maps.default\">\n\t\t\t\t<div class=\"elementor-widget-container\">\n\t\t\t\t\t\t\t<div class=\"elementor-custom-embed\">\n\t\t\t<iframe loading=\"lazy\"\n\t\t\t\t\tsrc=\"https:\/\/maps.google.com\/maps?q=Nouakchott&#038;t=m&#038;z=10&#038;output=embed&#038;iwloc=near\"\n\t\t\t\t\ttitle=\"Nouakchott\"\n\t\t\t\t\taria-label=\"Nouakchott\"\n\t\t\t><\/iframe>\n\t\t<\/div>\n\t\t\t\t\t\t<\/div>\n\t\t\t\t<\/div>\n\t\t\t\t<div class=\"elementor-element elementor-element-25a3efd8 elementor-widget elementor-widget-icon-box\" data-id=\"25a3efd8\" data-element_type=\"widget\" data-e-type=\"widget\" data-widget_type=\"icon-box.default\">\n\t\t\t\t<div class=\"elementor-widget-container\">\n\t\t\t\t\t\t\t<div class=\"elementor-icon-box-wrapper\">\n\n\t\t\t\n\t\t\t\t\t\t<div class=\"elementor-icon-box-content\">\n\n\t\t\t\t\t\t\t\t\t<h3 class=\"elementor-icon-box-title\">\n\t\t\t\t\t\t<span  >\n\t\t\t\t\t\t\t\u0627\u0644\u0639\u0646\u0648\u0627\u0646 \u0627\u0644\u0623\u0648\u0644\t\t\t\t\t\t<\/span>\n\t\t\t\t\t<\/h3>\n\t\t\t\t\n\t\t\t\t\n\t\t\t<\/div>\n\t\t\t\n\t\t<\/div>\n\t\t\t\t\t\t<\/div>\n\t\t\t\t<\/div>\n\t\t\t\t\t<\/div>\n\t\t<\/div>\n\t\t\t\t\t<\/div>\n\t\t<\/section>\n\t\t\t\t<\/div>","protected":false},"excerpt":{"rendered":"<p>CHIVA MEDICA Chiva Medica est un leader de la distribution et des services pharmaceutiques en Mauritanie Qui sommes-nous ? Etant un leader des grossistes-r\u00e9partiteurs de produits&nbsp; pharmaceutiques en Mauritanie , CHIVA MEDICA partage avec ses clients la connaissance de leur march\u00e9 et la d\u00e9ontologie de leur m\u00e9tier. En savoir plus Adresse ligne 1<\/p>","protected":false},"author":2,"featured_media":0,"parent":0,"menu_order":0,"comment_status":"closed","ping_status":"closed","template":"","meta":{"footnotes":""},"class_list":["post-21","page","type-page","status-publish","hentry"],"_links":{"self":[{"href":"https:\/\/chivamedica.com\/ar\/wp-json\/wp\/v2\/pages\/21","targetHints":{"allow":["GET"]}}],"collection":[{"href":"https:\/\/chivamedica.com\/ar\/wp-json\/wp\/v2\/pages"}],"about":[{"href":"https:\/\/chivamedica.com\/ar\/wp-json\/wp\/v2\/types\/page"}],"author":[{"embeddable":true,"href":"https:\/\/chivamedica.com\/ar\/wp-json\/wp\/v2\/users\/2"}],"replies":[{"embeddable":true,"href":"https:\/\/chivamedica.com\/ar\/wp-json\/wp\/v2\/comments?post=21"}],"version-history":[{"count":0,"href":"https:\/\/chivamedica.com\/ar\/wp-json\/wp\/v2\/pages\/21\/revisions"}],"wp:attachment":[{"href":"https:\/\/chivamedica.com\/ar\/wp-json\/wp\/v2\/media?parent=21"}],"curies":[{"name":"wp","href":"https:\/\/api.w.org\/{rel}","templated":true}]}}