{"id":209,"date":"2021-01-02T23:03:56","date_gmt":"2021-01-02T23:03:56","guid":{"rendered":"http:\/\/chivamedica.com\/?page_id=209"},"modified":"2025-08-08T09:15:12","modified_gmt":"2025-08-08T09:15:12","slug":"partenariat","status":"publish","type":"page","link":"https:\/\/chivamedica.com\/ar\/partenariat","title":{"rendered":"\u0634\u0631\u0627\u0643\u0629"},"content":{"rendered":"<div data-elementor-type=\"wp-page\" data-elementor-id=\"209\" class=\"elementor elementor-209\" data-elementor-post-type=\"page\">\n\t\t\t\t\t\t<section class=\"elementor-section elementor-top-section elementor-element elementor-element-b62ada6 elementor-section-boxed elementor-section-height-default elementor-section-height-default\" data-id=\"b62ada6\" data-element_type=\"section\" data-e-type=\"section\">\n\t\t\t\t\t\t<div class=\"elementor-container elementor-column-gap-default\">\n\t\t\t\t\t<div class=\"elementor-column elementor-col-100 elementor-top-column elementor-element elementor-element-56a433d\" data-id=\"56a433d\" data-element_type=\"column\" data-e-type=\"column\">\n\t\t\t<div class=\"elementor-widget-wrap elementor-element-populated\">\n\t\t\t\t\t\t<div class=\"elementor-element elementor-element-3354a05 elementor-cta--skin-cover elementor-animated-content elementor-bg-transform elementor-bg-transform-zoom-in elementor-widget elementor-widget-call-to-action\" data-id=\"3354a05\" data-element_type=\"widget\" data-e-type=\"widget\" data-widget_type=\"call-to-action.default\">\n\t\t\t\t<div class=\"elementor-widget-container\">\n\t\t\t\t\t\t\t<div class=\"elementor-cta\">\n\t\t\t\t\t<div class=\"elementor-cta__bg-wrapper\">\n\t\t\t\t<div class=\"elementor-cta__bg elementor-bg\" style=\"background-image: url();\" role=\"img\" aria-label=\"\"><\/div>\n\t\t\t\t<div class=\"elementor-cta__bg-overlay\"><\/div>\n\t\t\t<\/div>\n\t\t\t\t\t\t\t<div class=\"elementor-cta__content\">\n\t\t\t\t\n\t\t\t\t<h2 class=\"elementor-cta__title elementor-cta__content-item elementor-content-item elementor-animated-item--grow\">\u0647\u0644 \u062a\u0628\u062d\u062b \u0639\u0646 \u0634\u0631\u064a\u0643 \u0645\u0648\u062b\u0648\u0642 \u0628\u0647 \u0641\u064a \u0645\u0648\u0631\u064a\u062a\u0627\u0646\u064a\u0627\u061f<\/h2>\n\t\t\t\t\t\t\t\t\t<div class=\"elementor-cta__description elementor-cta__content-item elementor-content-item elementor-animated-item--grow\">\n\t\t\t\t\t\t<p align=\"center\" style=\"line-height: 100%; margin-bottom: 0cm; font-variant-numeric: normal; font-variant-east-asian: normal; font-variant-alternates: normal; font-variant-position: normal; font-variant-emoji: normal;\">\n<font color=\"#4caf50\">\u0639\u0644\u0649 \u0645\u062f\u0649 \u0633\u0646\u0648\u0627\u062a \u0639\u062f\u064a\u062f\u0629\u060c \u062a\u0645\u0643\u0646\u062a CHIVA MEDICA \u0645\u0646 \u062a\u0637\u0648\u064a\u0631 \u0634\u0631\u0627\u0643\u0627\u062a \u0642\u0627\u0626\u0645\u0629 \u0639\u0644\u0649 \u0627\u0644\u062b\u0642\u0629 \u0648\u0627\u0644\u062c\u0648\u062f\u0629<\/font><\/p><br><p align=\"center\" style=\"line-height: 100%; margin-bottom: 0cm;\"><br>\n\n<span style=\"font-variant-numeric: normal; font-variant-east-asian: normal; font-variant-alternates: normal; font-variant-position: normal; font-variant-emoji: normal;\">\u0645\u0639\u0646\u0627 <\/span><span style=\"font-variant-numeric: normal; font-variant-east-asian: normal; font-variant-alternates: normal; font-variant-position: normal; font-variant-emoji: normal;\">\u062a\u0636\u0645\u0646\u0648\u0646 <\/span><span style=\"font-variant-numeric: normal; font-variant-east-asian: normal; font-variant-alternates: normal; font-variant-position: normal; font-variant-emoji: normal;\">\u0627\u0644\u0648\u0635\u0648\u0644<\/span><span style=\"font-variant-numeric: normal; font-variant-east-asian: normal; font-variant-alternates: normal; font-variant-position: normal; font-variant-emoji: normal;\">`<\/span><span style=\"font-variant-numeric: normal; font-variant-east-asian: normal; font-variant-alternates: normal; font-variant-position: normal; font-variant-emoji: normal;\">\u0625\u0644\u0649 \u062c\u0645\u064a\u0639 <\/span><span style=\"font-variant-numeric: normal; font-variant-east-asian: normal; font-variant-alternates: normal; font-variant-position: normal; font-variant-emoji: normal;\">\u0627\u0644\u0633\u0648\u0642<\/span><span style=\"font-variant-numeric: normal; font-variant-east-asian: normal; font-variant-alternates: normal; font-variant-position: normal; font-variant-emoji: normal;\">\u0627\u0644\u0645\u0648\u0631\u064a\u062a\u0627\u0646\u064a \u0645\u0646 \u062e\u0644\u0627\u0644 \u0627\u062a\u0628\u0627\u0639 \u062c\u0645\u064a\u0639 \u0627\u0644\u0645\u0639\u0627\u064a\u064a\u0631 \u0648\u0627\u0644\u0642\u0648\u0627\u0646\u064a\u0646<\/span><span style=\"font-variant-numeric: normal; font-variant-east-asian: normal; font-variant-alternates: normal; font-variant-position: normal; font-variant-emoji: normal;\">\u0648<\/span><span style=\"font-variant-numeric: normal; font-variant-east-asian: normal; font-variant-alternates: normal; font-variant-position: normal; font-variant-emoji: normal;\">\u0627\u0644\u0627\u0633\u062a\u0641\u0627\u062f\u0629 \u0645\u0646 \u062a\u062c\u0631\u0628\u062a\u0646\u0627 \u0648\u0643\u0641\u0627\u0621\u062a\u0646\u0627 \u0627\u0644\u062a\u0634\u063a\u064a\u0644\u064a\u0629 <\/span><span style=\"font-variant-numeric: normal; font-variant-east-asian: normal; font-variant-alternates: normal; font-variant-position: normal; font-variant-emoji: normal;\"><\/span>\n<\/p>\t\t\t\t\t<\/div>\n\t\t\t\t\n\t\t\t\t\t\t\t<\/div>\n\t\t\t\t\t\t<\/div>\n\t\t\t\t\t\t<\/div>\n\t\t\t\t<\/div>\n\t\t\t\t\t<\/div>\n\t\t<\/div>\n\t\t\t\t\t<\/div>\n\t\t<\/section>\n\t\t\t\t<section class=\"elementor-section elementor-top-section elementor-element elementor-element-36f98e95 elementor-section-content-middle elementor-section-boxed elementor-section-height-default elementor-section-height-default\" data-id=\"36f98e95\" data-element_type=\"section\" data-e-type=\"section\">\n\t\t\t\t\t\t<div class=\"elementor-container elementor-column-gap-default\">\n\t\t\t\t\t<div class=\"elementor-column elementor-col-100 elementor-top-column elementor-element elementor-element-7c690cb5\" data-id=\"7c690cb5\" data-element_type=\"column\" data-e-type=\"column\">\n\t\t\t<div class=\"elementor-widget-wrap elementor-element-populated\">\n\t\t\t\t\t\t<div class=\"elementor-element elementor-element-d4a65c4 elementor-widget elementor-widget-shortcode\" data-id=\"d4a65c4\" data-element_type=\"widget\" data-e-type=\"widget\" data-widget_type=\"shortcode.default\">\n\t\t\t\t<div class=\"elementor-widget-container\">\n\t\t\t\t\t\t\t<div class=\"elementor-shortcode\"><div class=\"forminator-ui forminator-custom-form forminator-custom-form-461 forminator-design--default  forminator_ajax\" data-forminator-render=\"0\" data-form=\"forminator-module-461\" data-uid=\"69e50ae663d14\"><br\/><\/div><form\n\t\t\t\tid=\"forminator-module-461\"\n\t\t\t\tclass=\"forminator-ui forminator-custom-form forminator-custom-form-461 forminator-design--default  forminator_ajax\"\n\t\t\t\tmethod=\"post\"\n\t\t\t\tdata-forminator-render=\"0\"\n\t\t\t\tdata-form-id=\"461\"\n\t\t\t\t\n\t\t\t\tdata-design=\"default\"\n\t\t\t\t\n\t\t\t\t\n\t\t\t\t\n\t\t\t\tdata-grid=\"open\"\n\t\t\t\t\n\t\t\t\t\n\t\t\t\tstyle=\"display: none;\"\n\t\t\t\t\n\t\t\t\tdata-uid=\"69e50ae663d14\" action=\"\"\n\t\t\t><div role=\"alert\" aria-live=\"polite\" class=\"forminator-response-message forminator-error\" aria-hidden=\"true\"><\/div><div class=\"forminator-row\"><div id=\"name-1\" class=\"forminator-field-name forminator-col forminator-col-12\"><div class=\"forminator-field\"><label for=\"forminator-field-name-1_69e50ae663d14\" id=\"forminator-field-name-1_69e50ae663d14-label\" class=\"forminator-label\">\u0627\u0633\u0645 \u0627\u0644\u0639\u0627\u0626\u0644\u0629<\/label><input type=\"text\" name=\"name-1\" value=\"\" placeholder=\"\u0623\u062f\u062e\u0644 \u0627\u0633\u0645\u0643 \u0647\u0646\u0627\" id=\"forminator-field-name-1_69e50ae663d14\" class=\"forminator-input forminator-name--field\" aria-required=\"false\" \/><\/div><\/div><\/div><div class=\"forminator-row\"><div id=\"name-2\" class=\"forminator-field-name forminator-col forminator-col-12\"><div class=\"forminator-field\"><label for=\"forminator-field-name-2_69e50ae663d14\" id=\"forminator-field-name-2_69e50ae663d14-label\" class=\"forminator-label\">\u0627\u0644\u0627\u0633\u0645 \u0627\u0644\u0623\u0648\u0644<\/label><input type=\"text\" name=\"name-2\" value=\"\" placeholder=\"\u0623\u062f\u062e\u0644 \u0627\u0633\u0645\u0643 \u0627\u0644\u0623\u0648\u0644\" id=\"forminator-field-name-2_69e50ae663d14\" class=\"forminator-input forminator-name--field\" aria-required=\"false\" \/><\/div><\/div><\/div><div class=\"forminator-row\"><div id=\"email-1\" class=\"forminator-field-email forminator-col forminator-col-12\"><div class=\"forminator-row-inside forminator-row-with-confirmation-email\"><div class=\"forminator-col forminator-col-6\"><div class=\"forminator-field\"><label for=\"forminator-field-email-1_69e50ae663d14\" id=\"forminator-field-email-1_69e50ae663d14-label\" class=\"forminator-label\">\u0627\u0644\u0628\u0631\u064a\u062f \u0627\u0644\u0625\u0644\u0643\u062a\u0631\u0648\u0646\u064a<\/label><input type=\"email\" name=\"email-1\" value=\"\" placeholder=\"\u0623\u062f\u062e\u0644 \u0639\u0646\u0648\u0627\u0646 \u0628\u0631\u064a\u062f\u0643 \u0627\u0644\u0625\u0644\u0643\u062a\u0631\u0648\u0646\u064a\" id=\"forminator-field-email-1_69e50ae663d14\" class=\"forminator-input forminator-email--field\" data-required=\"\" aria-required=\"false\" \/><\/div><\/div><div class=\"forminator-col forminator-col-6\"><div class=\"forminator-field\"><label for=\"forminator-field-confirm_email-1_69e50ae663d14\" id=\"forminator-field-confirm_email-1_69e50ae663d14-label\" class=\"forminator-label\">\u062a\u0623\u0643\u064a\u062f \u0627\u0644\u0628\u0631\u064a\u062f \u0627\u0644\u0625\u0644\u0643\u062a\u0631\u0648\u0646\u064a<\/label><input type=\"email\" name=\"confirm_email-1\" value=\"\" placeholder=\"\u0623\u0643\u062f \u0639\u0646\u0648\u0627\u0646 \u0628\u0631\u064a\u062f\u0643 \u0627\u0644\u0625\u0644\u0643\u062a\u0631\u0648\u0646\u064a\" id=\"forminator-field-confirm_email-1_69e50ae663d14\" class=\"forminator-input forminator-name--field\" data-required=\"\" aria-required=\"false\" \/><\/div><\/div><\/div><\/div><\/div><div class=\"forminator-row\"><div id=\"phone-1\" class=\"forminator-field-phone forminator-col forminator-col-12\"><div class=\"forminator-field\"><label for=\"forminator-field-phone-1_69e50ae663d14\" id=\"forminator-field-phone-1_69e50ae663d14-label\" class=\"forminator-label\">\u0631\u0642\u0645 \u0627\u0644\u0647\u0627\u062a\u0641<\/label><span id=\"forminator-field-phone-1_69e50ae663d14-description\" class=\"forminator-description\">\u0631\u0642\u0645 \u0627\u0644\u0647\u0627\u062a\u0641 \u0645\u0639 \u0631\u0645\u0632 \u0627\u0644\u062f\u0648\u0644\u0629 (\u0645\u062b\u0627\u0644: \u200e+222 \u0644\u0645\u0648\u0631\u064a\u062a\u0627\u0646\u064a\u0627)<\/span><input type=\"text\" name=\"phone-1\" value=\"\" placeholder=\"\u0623\u062f\u062e\u0644 \u0631\u0642\u0645 \u0647\u0627\u062a\u0641\u0643\" id=\"forminator-field-phone-1_69e50ae663d14\" class=\"forminator-input forminator-field--phone\" data-required=\"\" aria-required=\"false\" autocomplete=\"off\" aria-describedby=\"forminator-field-phone-1_69e50ae663d14-description\" \/><\/div><\/div><\/div><div class=\"forminator-row\"><div id=\"textarea-1\" class=\"forminator-field-textarea forminator-col forminator-col-12\"><div class=\"forminator-field\"><label for=\"forminator-field-textarea-1_69e50ae663d14\" id=\"forminator-field-textarea-1_69e50ae663d14-label\" class=\"forminator-label\">\u0627\u0644\u0645\u062d\u062a\u0648\u0649<\/label><textarea name=\"textarea-1\" placeholder=\"\u0627\u0643\u062a\u0628 \u0631\u0633\u0627\u0644\u062a\u0643 \u0647\u0646\u0627\" id=\"forminator-field-textarea-1_69e50ae663d14\" class=\"forminator-textarea\" rows=\"6\" style=\"min-height:140px;\" ><\/textarea><\/div><\/div><\/div><div class=\"forminator-row\"><div id=\"captcha-1\" class=\"forminator-field-captcha forminator-col forminator-col-12\"><div class=\"forminator-captcha-left forminator-g-recaptcha\" data-theme=\"light\"  data-sitekey=\"6Le1848rAAAAAGdMKK0foPv5AgfKQwgJYKbj3qd9\" data-size=\"normal\"><\/div> <\/div><\/div><input type=\"hidden\" name=\"referer_url\" value=\"\" \/><div class=\"forminator-row forminator-row-last\"><div class=\"forminator-col\"><div class=\"forminator-field\"><button class=\"forminator-button forminator-button-submit\">Envoyer<\/button><\/div><\/div><\/div><input type=\"hidden\" id=\"forminator_nonce\" name=\"forminator_nonce\" value=\"0ef627930f\" \/><input type=\"hidden\" name=\"_wp_http_referer\" value=\"\/ar\/wp-json\/wp\/v2\/pages\/209\" \/><input type=\"hidden\" name=\"form_id\" value=\"461\"><input type=\"hidden\" name=\"page_id\" value=\"209\"><input type=\"hidden\" name=\"form_type\" value=\"default\"><input type=\"hidden\" name=\"current_url\" value=\"https:\/\/chivamedica.com\/ar\/partenariat\"><input type=\"hidden\" name=\"render_id\" value=\"0\"><input type=\"hidden\" name=\"action\" value=\"forminator_submit_form_custom-forms\"><label for=\"input_6\" class=\"forminator-hidden\" aria-hidden=\"true\">Please do not fill in this field. <input id=\"input_6\" type=\"text\" name=\"input_6\" value=\"\" autocomplete=\"off\"><\/label><input type=\"hidden\" name=\"trp-form-language\" value=\"ar\"\/><\/form><\/div>\n\t\t\t\t\t\t<\/div>\n\t\t\t\t<\/div>\n\t\t\t\t\t<\/div>\n\t\t<\/div>\n\t\t\t\t\t<\/div>\n\t\t<\/section>\n\t\t\t\t<\/div>","protected":false},"excerpt":{"rendered":"<p>Vous recherchez un partenaire fiable en Mauritanie ? Depuis de nombreuses ann\u00e9es, CHIVA MEDICA a su d\u00e9velopper des partenariats bas\u00e9s sur la confiance et la qualit\u00e9 Avec nous vous avez la garantie d`adresser tout le march\u00e9 Mauritanien en suivant toutes les normes et r\u00e9glementations et en b\u00e9n\u00e9ficiant de notre exp\u00e9rience et notre efficacit\u00e9 op\u00e9rationnelle<\/p>","protected":false},"author":2,"featured_media":0,"parent":0,"menu_order":0,"comment_status":"closed","ping_status":"closed","template":"","meta":{"footnotes":""},"class_list":["post-209","page","type-page","status-publish","hentry"],"_links":{"self":[{"href":"https:\/\/chivamedica.com\/ar\/wp-json\/wp\/v2\/pages\/209","targetHints":{"allow":["GET"]}}],"collection":[{"href":"https:\/\/chivamedica.com\/ar\/wp-json\/wp\/v2\/pages"}],"about":[{"href":"https:\/\/chivamedica.com\/ar\/wp-json\/wp\/v2\/types\/page"}],"author":[{"embeddable":true,"href":"https:\/\/chivamedica.com\/ar\/wp-json\/wp\/v2\/users\/2"}],"replies":[{"embeddable":true,"href":"https:\/\/chivamedica.com\/ar\/wp-json\/wp\/v2\/comments?post=209"}],"version-history":[{"count":0,"href":"https:\/\/chivamedica.com\/ar\/wp-json\/wp\/v2\/pages\/209\/revisions"}],"wp:attachment":[{"href":"https:\/\/chivamedica.com\/ar\/wp-json\/wp\/v2\/media?parent=209"}],"curies":[{"name":"wp","href":"https:\/\/api.w.org\/{rel}","templated":true}]}}