{"id":166,"date":"2021-01-02T22:05:17","date_gmt":"2021-01-02T22:05:17","guid":{"rendered":"http:\/\/chivamedica.com\/?page_id=166"},"modified":"2025-08-11T12:43:10","modified_gmt":"2025-08-11T12:43:10","slug":"a-propos","status":"publish","type":"page","link":"https:\/\/chivamedica.com\/ar\/a-propos","title":{"rendered":"\u062d\u0648\u0644"},"content":{"rendered":"<div data-elementor-type=\"wp-page\" data-elementor-id=\"166\" class=\"elementor elementor-166\" data-elementor-post-type=\"page\">\n\t\t\t\t\t\t<section class=\"elementor-section elementor-top-section elementor-element elementor-element-5ceae8dd elementor-section-height-min-height elementor-section-boxed elementor-section-height-default elementor-section-items-middle\" data-id=\"5ceae8dd\" data-element_type=\"section\" data-e-type=\"section\" data-settings=\"{&quot;background_background&quot;:&quot;classic&quot;}\">\n\t\t\t\t\t\t\t<div class=\"elementor-background-overlay\"><\/div>\n\t\t\t\t\t\t\t<div class=\"elementor-container elementor-column-gap-default\">\n\t\t\t\t\t<div class=\"elementor-column elementor-col-100 elementor-top-column elementor-element elementor-element-3d00c0c5\" data-id=\"3d00c0c5\" data-element_type=\"column\" data-e-type=\"column\">\n\t\t\t<div class=\"elementor-widget-wrap elementor-element-populated\">\n\t\t\t\t\t\t<div class=\"elementor-element elementor-element-378b359 elementor-widget elementor-widget-image\" data-id=\"378b359\" data-element_type=\"widget\" data-e-type=\"widget\" data-widget_type=\"image.default\">\n\t\t\t\t<div class=\"elementor-widget-container\">\n\t\t\t\t\t\t\t\t\t\t\t\t\t\t\t<img fetchpriority=\"high\" decoding=\"async\" width=\"800\" height=\"356\" src=\"https:\/\/chivamedica.com\/wp-content\/uploads\/2021\/01\/vendeuse-en-phamarcie.jpg\" class=\"attachment-large size-large wp-image-58\" alt=\"\" srcset=\"https:\/\/chivamedica.com\/wp-content\/uploads\/2021\/01\/vendeuse-en-phamarcie.jpg 800w, https:\/\/chivamedica.com\/wp-content\/uploads\/2021\/01\/vendeuse-en-phamarcie-300x134.jpg 300w, https:\/\/chivamedica.com\/wp-content\/uploads\/2021\/01\/vendeuse-en-phamarcie-768x342.jpg 768w\" sizes=\"(max-width: 800px) 100vw, 800px\" \/>\t\t\t\t\t\t\t\t\t\t\t\t\t\t\t<\/div>\n\t\t\t\t<\/div>\n\t\t\t\t<section class=\"elementor-section elementor-inner-section elementor-element elementor-element-0f05a41 elementor-section-boxed elementor-section-height-default elementor-section-height-default\" data-id=\"0f05a41\" data-element_type=\"section\" data-e-type=\"section\">\n\t\t\t\t\t\t<div class=\"elementor-container elementor-column-gap-default\">\n\t\t\t\t\t<div class=\"elementor-column elementor-col-50 elementor-inner-column elementor-element elementor-element-24c62f3\" data-id=\"24c62f3\" data-element_type=\"column\" data-e-type=\"column\">\n\t\t\t<div class=\"elementor-widget-wrap elementor-element-populated\">\n\t\t\t\t\t\t<div class=\"elementor-element elementor-element-f62a7ab elementor-widget elementor-widget-heading\" data-id=\"f62a7ab\" data-element_type=\"widget\" data-e-type=\"widget\" data-widget_type=\"heading.default\">\n\t\t\t\t<div class=\"elementor-widget-container\">\n\t\t\t\t\t<h2 class=\"elementor-heading-title elementor-size-default\">\u0627\u0644\u062e\u0628\u0631\u0629 \u0648\u0627\u0644\u062b\u0642\u0629<\/h2>\t\t\t\t<\/div>\n\t\t\t\t<\/div>\n\t\t\t\t<div class=\"elementor-element elementor-element-c045ddc elementor-widget elementor-widget-text-editor\" data-id=\"c045ddc\" data-element_type=\"widget\" data-e-type=\"widget\" data-widget_type=\"text-editor.default\">\n\t\t\t\t<div class=\"elementor-widget-container\">\n\t\t\t\t\t\t\t\t\t<p align=\"justify\">\u0628\u0641\u0636\u0644 \u0639\u062f\u0629 \u0633\u0646\u0648\u0627\u062a \u0645\u0646 \u0627\u0644\u062e\u0628\u0631\u0629 \u0627\u0644\u0645\u062a\u0631\u0627\u0643\u0645\u0629 \u0645\u0646\u0630 \u0639\u0627\u0645 2002\u060c \u0623\u0635\u0628\u062d\u062a \u0634\u0631\u0643\u0629 Chiva Medica \u0634\u0631\u064a\u0643\u064b\u0627 \u0645\u0631\u062c\u0639\u064a\u064b\u0627 \u0644\u0645\u0647\u0646\u064a\u064a \u0627\u0644\u0631\u0639\u0627\u064a\u0629 \u0627\u0644\u0635\u062d\u064a\u0629 \u0627\u0644\u0631\u0627\u063a\u0628\u064a\u0646 \u0641\u064a \u0627\u0644\u062a\u0648\u0633\u0639 \u0641\u064a \u0645\u0648\u0631\u064a\u062a\u0627\u0646\u064a\u0627.<\/p><p align=\"justify\">\u0644\u0642\u062f \u0645\u0643\u0646\u062a\u0646\u0627 \u062c\u0648\u062f\u0629 \u062e\u062f\u0645\u0627\u062a\u0646\u0627 \u0648\u0643\u0641\u0627\u0621\u0629 \u0634\u0628\u0643\u0629 \u0627\u0644\u062a\u0648\u0632\u064a\u0639 \u0627\u0644\u062e\u0627\u0635\u0629 \u0628\u0646\u0627 \u0645\u0646 \u0628\u0646\u0627\u0621 \u0639\u0644\u0627\u0642\u0629 \u062b\u0642\u0629 \u0645\u0639  \u0627\u0644\u0635\u064a\u062f\u0644\u0627\u0646\u064a\u064a\u0646 \u0648\u0645\u0642\u062f\u0645\u064a \u0627\u0644\u0631\u0639\u0627\u064a\u0629 \u0627\u0644\u0635\u062d\u064a\u0629 \u0627\u0644\u0639\u0627\u0645\u0644\u064a\u0646 \u0641\u064a \u0645\u0648\u0631\u064a\u062a\u0627\u0646\u064a\u0627.<\/p><p align=\"justify\" class=\"translation-block\">\u0628\u0641\u0636\u0644 \u0645\u0646\u0635\u062a\u0646\u0627 \u0627\u0644\u0644\u0648\u062c\u0633\u062a\u064a\u0629 \u0627\u0644\u0641\u0639\u0627\u0644\u0629\u060c \u0648\u062f\u0645\u062c \u0633\u0644\u0633\u0644\u0629 \u0627\u0644\u062a\u0648\u0631\u064a\u062f\u060c \u0648\u0634\u0628\u0643\u062a\u0646\u0627 \u0627\u0644\u0642\u0648\u064a\u0629 \u0644\u0644\u062a\u0648\u0632\u064a\u0639\u060c \u0644\u062f\u064a\u0646\u0627 \u0645\u0648\u0642\u0639 \u062a\u0646\u0627\u0641\u0633\u064a \u0641\u0631\u064a\u062f \u0644\u062a\u0644\u0628\u064a\u0629 \u0645\u062a\u0637\u0644\u0628\u0627\u062a \u0627\u0644\u0645\u062e\u062a\u0628\u0631\u0627\u062a \u0648\u0627\u0644\u0635\u0646\u0627\u0639\u0627\u062a \u0627\u0644\u0635\u062d\u064a\u0629 \u0641\u064a \u0627\u0644\u062a\u0633\u0648\u064a\u0642 \u0648\u0627\u0644\u062a\u0648\u0632\u064a\u0639 \u0648\u062a\u0623\u0645\u064a\u0646 \u062a\u0648\u0635\u064a\u0644 \u0627\u0644\u0645\u0646\u062a\u062c\u0627\u062a \u0625\u0644\u0649 \u0627\u0644\u0632\u0628\u0646\u0627\u0621 \u0627\u0644\u0646\u0647\u0627\u0626\u064a\u064a\u0646.<\/p>\t\t\t\t\t\t\t\t<\/div>\n\t\t\t\t<\/div>\n\t\t\t\t\t<\/div>\n\t\t<\/div>\n\t\t\t\t<div class=\"elementor-column elementor-col-50 elementor-inner-column elementor-element elementor-element-7068e0b\" data-id=\"7068e0b\" data-element_type=\"column\" data-e-type=\"column\">\n\t\t\t<div class=\"elementor-widget-wrap elementor-element-populated\">\n\t\t\t\t\t\t<div class=\"elementor-element elementor-element-fda4f41 elementor-widget elementor-widget-heading\" data-id=\"fda4f41\" data-element_type=\"widget\" data-e-type=\"widget\" data-widget_type=\"heading.default\">\n\t\t\t\t<div class=\"elementor-widget-container\">\n\t\t\t\t\t<h2 class=\"elementor-heading-title elementor-size-default\">\u0627\u0644\u062c\u0648\u062f\u0629 \u0648\u0627\u0644\u062a\u0641\u0627\u0639\u0644<\/h2>\t\t\t\t<\/div>\n\t\t\t\t<\/div>\n\t\t\t\t<div class=\"elementor-element elementor-element-cf57f66 elementor-widget elementor-widget-text-editor\" data-id=\"cf57f66\" data-element_type=\"widget\" data-e-type=\"widget\" data-widget_type=\"text-editor.default\">\n\t\t\t\t<div class=\"elementor-widget-container\">\n\t\t\t\t\t\t\t\t\t<p>\u062a\u0642\u062f\u0645 \u0645\u0646\u0634\u0622\u062a\u0646\u0627 \u062c\u0645\u064a\u0639 \u0627\u0644\u0645\u0646\u062a\u062c\u0627\u062a \u0627\u0644\u0644\u0627\u0632\u0645\u0629 \u0644\u062a\u0632\u0648\u064a\u062f \u0627\u0644\u0635\u064a\u062f\u0644\u064a\u0627\u062a.<\/p>\n<p>\u062a\u0636\u0645\u0646 \u0627\u0644\u0645\u0646\u0627\u0637\u0642 \u0627\u0644\u0645\u062c\u0647\u0632\u0629 \u0627\u0644\u062d\u0641\u0627\u0638 \u0639\u0644\u0649 \u0627\u0644\u0645\u0646\u062a\u062c\u0627\u062a \u0627\u0644\u062d\u0633\u0627\u0633\u0629  \u0648 \u0627\u0644\u0627\u0645\u062a\u062b\u0627\u0644 \u0627\u0644\u0635\u0627\u0631\u0645 \u0644\u0644\u0645\u0639\u0627\u064a\u064a\u0631.<\/p>\n<p>\u0645\u0646 \u0628\u064a\u0646 \u0623\u0634\u064a\u0627\u0621 \u0623\u062e\u0631\u0649 \u060c \u0646\u0642\u062f\u0645 \u0627\u0644\u0625\u0639\u0644\u0627\u0646 \u0648\u0627\u0644\u062a\u0631\u062e\u064a\u0635 \u0644\u0644\u0645\u0646\u062a\u062c\u0627\u062a \u0627\u0644\u0635\u064a\u062f\u0644\u0627\u0646\u064a\u0629 \u0623\u0648 \u0634\u0628\u0647 \u0627\u0644\u0635\u064a\u062f\u0644\u0627\u0646\u064a\u0629 \u060c \u0648\u0627\u0644\u062a\u0631\u0648\u064a\u062c \u0648\u0627\u0644\u062a\u0633\u0648\u064a\u0642 \u0648\u0627\u0644\u062a\u0648\u0632\u064a\u0639 \u0644\u0642\u0627\u0639\u062f\u0629 \u0639\u0645\u0644\u0627\u0626\u0646\u0627 \u0627\u0644\u0643\u0628\u064a\u0631\u0629 \u062c\u062f\u064b\u0627 \u0627\u0644\u062a\u064a \u062a\u063a\u0637\u064a \u0643\u0627\u0645\u0644 \u0627\u0644\u0623\u0631\u0627\u0636\u064a \u0627\u0644\u0645\u0648\u0631\u064a\u062a\u0627\u0646\u064a\u0629.<\/p>\t\t\t\t\t\t\t\t<\/div>\n\t\t\t\t<\/div>\n\t\t\t\t\t<\/div>\n\t\t<\/div>\n\t\t\t\t\t<\/div>\n\t\t<\/section>\n\t\t\t\t\t<\/div>\n\t\t<\/div>\n\t\t\t\t\t<\/div>\n\t\t<\/section>\n\t\t\t\t<section class=\"elementor-section elementor-top-section elementor-element elementor-element-3523f31 elementor-section-boxed elementor-section-height-default elementor-section-height-default\" data-id=\"3523f31\" data-element_type=\"section\" data-e-type=\"section\">\n\t\t\t\t\t\t<div class=\"elementor-container elementor-column-gap-default\">\n\t\t\t\t\t<div class=\"elementor-column elementor-col-100 elementor-top-column elementor-element elementor-element-182aa03\" data-id=\"182aa03\" data-element_type=\"column\" data-e-type=\"column\">\n\t\t\t<div class=\"elementor-widget-wrap\">\n\t\t\t\t\t\t\t<\/div>\n\t\t<\/div>\n\t\t\t\t\t<\/div>\n\t\t<\/section>\n\t\t\t\t<\/div>","protected":false},"excerpt":{"rendered":"<p>Exp\u00e9rience et confiance Forte de plusieurs ann\u00e9es d&rsquo;exp\u00e9rience accumul\u00e9e, depuis 2002, CHIVA MEDICA est devenu un partenaire de r\u00e9f\u00e9rence des professionnels de la sant\u00e9 d\u00e9sireux de se d\u00e9velopper en Mauritanie. La qualit\u00e9 de nos services et l\u2019efficacit\u00e9 de notre r\u00e9seau de distribution, nous ont permis de b\u00e2tir une relation de confiance avec nos clients pharmaciens [&hellip;]<\/p>","protected":false},"author":2,"featured_media":0,"parent":0,"menu_order":0,"comment_status":"closed","ping_status":"closed","template":"","meta":{"footnotes":""},"class_list":["post-166","page","type-page","status-publish","hentry"],"_links":{"self":[{"href":"https:\/\/chivamedica.com\/ar\/wp-json\/wp\/v2\/pages\/166","targetHints":{"allow":["GET"]}}],"collection":[{"href":"https:\/\/chivamedica.com\/ar\/wp-json\/wp\/v2\/pages"}],"about":[{"href":"https:\/\/chivamedica.com\/ar\/wp-json\/wp\/v2\/types\/page"}],"author":[{"embeddable":true,"href":"https:\/\/chivamedica.com\/ar\/wp-json\/wp\/v2\/users\/2"}],"replies":[{"embeddable":true,"href":"https:\/\/chivamedica.com\/ar\/wp-json\/wp\/v2\/comments?post=166"}],"version-history":[{"count":0,"href":"https:\/\/chivamedica.com\/ar\/wp-json\/wp\/v2\/pages\/166\/revisions"}],"wp:attachment":[{"href":"https:\/\/chivamedica.com\/ar\/wp-json\/wp\/v2\/media?parent=166"}],"curies":[{"name":"wp","href":"https:\/\/api.w.org\/{rel}","templated":true}]}}